{"id":333,"date":"2024-05-10T17:02:38","date_gmt":"2024-05-10T22:02:38","guid":{"rendered":"https:\/\/ablitco.com\/es\/?page_id=333"},"modified":"2024-10-31T19:32:38","modified_gmt":"2024-11-01T00:32:38","slug":"jose-febres","status":"publish","type":"page","link":"https:\/\/ablitco.com\/en\/equipo\/jose-febres\/","title":{"rendered":"Jos\u00e9 Febres"},"content":{"rendered":"<div data-elementor-type=\"wp-page\" data-elementor-id=\"333\" class=\"elementor elementor-333\" data-elementor-post-type=\"page\">\n\t\t\t\t<div class=\"elementor-element elementor-element-2277a60 e-flex e-con-boxed e-con e-parent\" data-id=\"2277a60\" data-element_type=\"container\" data-settings=\"{&quot;background_background&quot;:&quot;classic&quot;}\">\n\t\t\t\t\t<div class=\"e-con-inner\">\n\t\t<div class=\"elementor-element elementor-element-3793885 e-con-full animated-slow e-flex elementor-invisible e-con e-child\" data-id=\"3793885\" data-element_type=\"container\" data-settings=\"{&quot;animation&quot;:&quot;h-neuron-animation--slideFromLeft&quot;}\">\n\t\t\t\t<div class=\"elementor-element elementor-element-d081858 elementor-widget elementor-widget-heading\" data-id=\"d081858\" data-element_type=\"widget\" data-widget_type=\"heading.default\">\n\t\t\t\t<div class=\"elementor-widget-container\">\n\t\t\t\t\t<h1 class=\"elementor-heading-title elementor-size-default\">Jos\u00e9 Pablo Febres Eguiguren<\/h1>\t\t\t\t<\/div>\n\t\t\t\t<\/div>\n\t\t\t\t<div class=\"elementor-element elementor-element-f9a2429 elementor-widget elementor-widget-heading\" data-id=\"f9a2429\" data-element_type=\"widget\" data-widget_type=\"heading.default\">\n\t\t\t\t<div class=\"elementor-widget-container\">\n\t\t\t\t\t<h5 class=\"elementor-heading-title elementor-size-default\">Lawyer<\/h5>\t\t\t\t<\/div>\n\t\t\t\t<\/div>\n\t\t\t\t<div class=\"elementor-element elementor-element-101384e elementor-widget elementor-widget-spacer\" data-id=\"101384e\" data-element_type=\"widget\" data-widget_type=\"spacer.default\">\n\t\t\t\t<div class=\"elementor-widget-container\">\n\t\t\t\t\t\t\t<div class=\"elementor-spacer\">\n\t\t\t<div class=\"elementor-spacer-inner\"><\/div>\n\t\t<\/div>\n\t\t\t\t\t\t<\/div>\n\t\t\t\t<\/div>\n\t\t\t\t<div class=\"elementor-element elementor-element-476ba24 elementor-widget elementor-widget-heading\" data-id=\"476ba24\" data-element_type=\"widget\" data-widget_type=\"heading.default\">\n\t\t\t\t<div class=\"elementor-widget-container\">\n\t\t\t\t\t<h5 class=\"elementor-heading-title elementor-size-default\">Practice Areas:<\/h5>\t\t\t\t<\/div>\n\t\t\t\t<\/div>\n\t\t\t\t<div class=\"elementor-element elementor-element-2621a2d elementor-widget elementor-widget-heading\" data-id=\"2621a2d\" data-element_type=\"widget\" data-widget_type=\"heading.default\">\n\t\t\t\t<div class=\"elementor-widget-container\">\n\t\t\t\t\t<p class=\"elementor-heading-title elementor-size-default\">Civil Law, Tort Law, Ecuadorian Immigration Law, Litigation and Dispute Resolution.<\/p>\t\t\t\t<\/div>\n\t\t\t\t<\/div>\n\t\t\t\t<div class=\"elementor-element elementor-element-f295da2 elementor-widget elementor-widget-heading\" data-id=\"f295da2\" data-element_type=\"widget\" data-widget_type=\"heading.default\">\n\t\t\t\t<div class=\"elementor-widget-container\">\n\t\t\t\t\t<h5 class=\"elementor-heading-title elementor-size-default\">Education:<\/h5>\t\t\t\t<\/div>\n\t\t\t\t<\/div>\n\t\t\t\t<div class=\"elementor-element elementor-element-7148add elementor-widget elementor-widget-text-editor\" data-id=\"7148add\" data-element_type=\"widget\" data-widget_type=\"text-editor.default\">\n\t\t\t\t<div class=\"elementor-widget-container\">\n\t\t\t\t\t\t\t\t\t<ul><li>2014 \u2013 Lawyer, Universidad T\u00e9cnica Particular de Loja \u2013 Ecuador.<\/li><li>2017 \u2013 Official Master\u2019s Degree in Tort Law, Universidad de Girona, Spain.<\/li><li>2022 \u2013 Specialist in Procedural Law, Universidad Andina Sim\u00f3n Bol\u00edvar, Quito, Ecuador. <\/li><\/ul>\t\t\t\t\t\t\t\t<\/div>\n\t\t\t\t<\/div>\n\t\t\t\t<div class=\"elementor-element elementor-element-8aabf39 elementor-widget elementor-widget-heading\" data-id=\"8aabf39\" data-element_type=\"widget\" data-widget_type=\"heading.default\">\n\t\t\t\t<div class=\"elementor-widget-container\">\n\t\t\t\t\t<h5 class=\"elementor-heading-title elementor-size-default\">Languages:<\/h5>\t\t\t\t<\/div>\n\t\t\t\t<\/div>\n\t\t\t\t<div class=\"elementor-element elementor-element-c1758be elementor-widget elementor-widget-heading\" data-id=\"c1758be\" data-element_type=\"widget\" data-widget_type=\"heading.default\">\n\t\t\t\t<div class=\"elementor-widget-container\">\n\t\t\t\t\t<p class=\"elementor-heading-title elementor-size-default\">Spanish (native), English (high).<\/p>\t\t\t\t<\/div>\n\t\t\t\t<\/div>\n\t\t\t\t<div class=\"elementor-element elementor-element-67a76a6 animated-slow elementor-invisible elementor-widget elementor-widget-html\" data-id=\"67a76a6\" data-element_type=\"widget\" data-settings=\"{&quot;_animation&quot;:&quot;h-neuron-animation--slideFromRight&quot;,&quot;_animation_delay&quot;:2000}\" data-widget_type=\"html.default\">\n\t\t\t\t<div class=\"elementor-widget-container\">\n\t\t\t\t\t<a href=\"javascript:history.go(-1)\"><h6>\u2190 Back<\/h6><\/a>\t\t\t\t<\/div>\n\t\t\t\t<\/div>\n\t\t\t\t<\/div>\n\t\t<div class=\"elementor-element elementor-element-3baa717 e-con-full e-flex e-con e-child\" data-id=\"3baa717\" data-element_type=\"container\">\n\t\t\t\t<div class=\"elementor-element elementor-element-5213a45 animated-slow elementor-invisible elementor-widget elementor-widget-image\" data-id=\"5213a45\" data-element_type=\"widget\" data-settings=\"{&quot;_animation&quot;:&quot;h-neuron-animation--fadeIn&quot;,&quot;_animation_delay&quot;:300}\" data-widget_type=\"image.default\">\n\t\t\t\t<div class=\"elementor-widget-container\">\n\t\t\t\t\t\t\t\t\t\t\t\t\t\t\t<img fetchpriority=\"high\" decoding=\"async\" width=\"800\" height=\"1200\" src=\"https:\/\/ablitco.com\/wp-content\/uploads\/2024\/08\/Ablitco-Jose-Febres.jpg\" class=\"attachment-full size-full wp-image-1807\" alt=\"Ablitco Servicios Jur\u00eddicos Ecuador\" srcset=\"https:\/\/ablitco.com\/wp-content\/uploads\/2024\/08\/Ablitco-Jose-Febres.jpg 800w, https:\/\/ablitco.com\/wp-content\/uploads\/2024\/08\/Ablitco-Jose-Febres-200x300.jpg 200w, https:\/\/ablitco.com\/wp-content\/uploads\/2024\/08\/Ablitco-Jose-Febres-683x1024.jpg 683w, https:\/\/ablitco.com\/wp-content\/uploads\/2024\/08\/Ablitco-Jose-Febres-768x1152.jpg 768w, https:\/\/ablitco.com\/wp-content\/uploads\/2024\/08\/Ablitco-Jose-Febres-8x12.jpg 8w\" sizes=\"(max-width: 800px) 100vw, 800px\" \/>\t\t\t\t\t\t\t\t\t\t\t\t\t\t\t<\/div>\n\t\t\t\t<\/div>\n\t\t\t\t<\/div>\n\t\t\t\t\t<\/div>\n\t\t\t\t<\/div>\n\t\t\t\t<\/div>","protected":false},"excerpt":{"rendered":"<p>Jos\u00e9 Pablo Febres Eguiguren Abogado \u00c1reas de pr\u00e1ctica: Derecho Civil, Derecho de Da\u00f1os, Derecho Migratorio ecuatoriano y Litigio. estudios realizados: 2014 &#8211; Abogado por la Universidad T\u00e9cnica Particular de Loja &#8211; Ecuador. 2017 \u2013 Master oficial en Derecho de Da\u00f1os por la Universidad de Girona-Espa\u00f1a. 2022 \u2013 Especialista en Derecho Procesal por la Universidad Andina&#8230;<\/p>","protected":false},"author":1,"featured_media":0,"parent":47,"menu_order":11,"comment_status":"closed","ping_status":"closed","template":"elementor_header_footer","meta":{"inline_featured_image":false,"footnotes":""},"class_list":["post-333","page","type-page","status-publish","hentry"],"aioseo_notices":[],"_links":{"self":[{"href":"https:\/\/ablitco.com\/en\/wp-json\/wp\/v2\/pages\/333","targetHints":{"allow":["GET"]}}],"collection":[{"href":"https:\/\/ablitco.com\/en\/wp-json\/wp\/v2\/pages"}],"about":[{"href":"https:\/\/ablitco.com\/en\/wp-json\/wp\/v2\/types\/page"}],"author":[{"embeddable":true,"href":"https:\/\/ablitco.com\/en\/wp-json\/wp\/v2\/users\/1"}],"replies":[{"embeddable":true,"href":"https:\/\/ablitco.com\/en\/wp-json\/wp\/v2\/comments?post=333"}],"version-history":[{"count":0,"href":"https:\/\/ablitco.com\/en\/wp-json\/wp\/v2\/pages\/333\/revisions"}],"up":[{"embeddable":true,"href":"https:\/\/ablitco.com\/en\/wp-json\/wp\/v2\/pages\/47"}],"wp:attachment":[{"href":"https:\/\/ablitco.com\/en\/wp-json\/wp\/v2\/media?parent=333"}],"curies":[{"name":"wp","href":"https:\/\/api.w.org\/{rel}","templated":true}]}}