{"id":2702,"date":"2025-04-06T10:55:38","date_gmt":"2025-04-06T15:55:38","guid":{"rendered":"https:\/\/ablitco.com\/?page_id=2702"},"modified":"2025-04-06T11:11:06","modified_gmt":"2025-04-06T16:11:06","slug":"sophia-cueva","status":"publish","type":"page","link":"https:\/\/ablitco.com\/en\/equipo\/sophia-cueva\/","title":{"rendered":"Soph\u00eda Cueva"},"content":{"rendered":"<div data-elementor-type=\"wp-page\" data-elementor-id=\"2702\" class=\"elementor elementor-2702\" data-elementor-post-type=\"page\">\n\t\t\t\t<div class=\"elementor-element elementor-element-e5ddb6a e-flex e-con-boxed e-con e-parent\" data-id=\"e5ddb6a\" data-element_type=\"container\">\n\t\t\t\t\t<div class=\"e-con-inner\">\n\t\t<div class=\"elementor-element elementor-element-f5d66ab e-con-full e-flex e-con e-child\" data-id=\"f5d66ab\" data-element_type=\"container\" data-settings=\"{&quot;background_background&quot;:&quot;classic&quot;}\">\n\t\t<div class=\"elementor-element elementor-element-b93a4e0 e-con-full animated-slow e-flex elementor-invisible e-con e-child\" data-id=\"b93a4e0\" data-element_type=\"container\" data-settings=\"{&quot;animation&quot;:&quot;h-neuron-animation--slideFromLeft&quot;}\">\n\t\t\t\t<div class=\"elementor-element elementor-element-af1e03c elementor-widget elementor-widget-heading\" data-id=\"af1e03c\" data-element_type=\"widget\" data-widget_type=\"heading.default\">\n\t\t\t\t<div class=\"elementor-widget-container\">\n\t\t\t\t\t<h1 class=\"elementor-heading-title elementor-size-default\">Soph\u00eda Cueva Mej\u00eda<\/h1>\t\t\t\t<\/div>\n\t\t\t\t<\/div>\n\t\t\t\t<div class=\"elementor-element elementor-element-5c97d49 elementor-widget elementor-widget-heading\" data-id=\"5c97d49\" data-element_type=\"widget\" data-widget_type=\"heading.default\">\n\t\t\t\t<div class=\"elementor-widget-container\">\n\t\t\t\t\t<h5 class=\"elementor-heading-title elementor-size-default\">Psic\u00f3loga Forense<\/h5>\t\t\t\t<\/div>\n\t\t\t\t<\/div>\n\t\t\t\t<div class=\"elementor-element elementor-element-75e9e70 elementor-widget elementor-widget-spacer\" data-id=\"75e9e70\" data-element_type=\"widget\" data-widget_type=\"spacer.default\">\n\t\t\t\t<div class=\"elementor-widget-container\">\n\t\t\t\t\t\t\t<div class=\"elementor-spacer\">\n\t\t\t<div class=\"elementor-spacer-inner\"><\/div>\n\t\t<\/div>\n\t\t\t\t\t\t<\/div>\n\t\t\t\t<\/div>\n\t\t\t\t<div class=\"elementor-element elementor-element-49c94ec elementor-widget elementor-widget-heading\" data-id=\"49c94ec\" data-element_type=\"widget\" data-widget_type=\"heading.default\">\n\t\t\t\t<div class=\"elementor-widget-container\">\n\t\t\t\t\t<h5 class=\"elementor-heading-title elementor-size-default\">Practice Areas:<\/h5>\t\t\t\t<\/div>\n\t\t\t\t<\/div>\n\t\t\t\t<div class=\"elementor-element elementor-element-fc83cd8 elementor-widget elementor-widget-heading\" data-id=\"fc83cd8\" data-element_type=\"widget\" data-widget_type=\"heading.default\">\n\t\t\t\t<div class=\"elementor-widget-container\">\n\t\t\t\t\t<p class=\"elementor-heading-title elementor-size-default\">Psicolog\u00eda cl\u00ednica y forense, perito especilizada en trabajo con grupos de atenci\u00f3n prioritaria.<\/p>\t\t\t\t<\/div>\n\t\t\t\t<\/div>\n\t\t\t\t<div class=\"elementor-element elementor-element-16db454 elementor-widget elementor-widget-heading\" data-id=\"16db454\" data-element_type=\"widget\" data-widget_type=\"heading.default\">\n\t\t\t\t<div class=\"elementor-widget-container\">\n\t\t\t\t\t<h5 class=\"elementor-heading-title elementor-size-default\">Education:<\/h5>\t\t\t\t<\/div>\n\t\t\t\t<\/div>\n\t\t\t\t<div class=\"elementor-element elementor-element-d582487 elementor-widget elementor-widget-text-editor\" data-id=\"d582487\" data-element_type=\"widget\" data-widget_type=\"text-editor.default\">\n\t\t\t\t<div class=\"elementor-widget-container\">\n\t\t\t\t\t\t\t\t\t<ul>\n<li>2015 &#8211; Psic\u00f3loga cl\u00ednica por la Universidad Nacional de Loja.<\/li>\n<li style=\"font-size: 15px;\">2017 &#8211; Especialista en psicolog\u00eda forense por la Universidad de Buenos Aires, Argentina.<\/li>\n<li style=\"font-size: 15px;\">2022 &#8211; Master en psicolog\u00eda de la salud por la Universidad T\u00e9cnica Particular de Loja.<\/li>\n<li style=\"font-size: 15px;\">Diplomado en ciencias penales y criminol\u00f3gicas.<\/li>\n<li style=\"font-size: 15px;\">Diplomado en medici\u00f3n de violencia por raz\u00f3n de&nbsp; g\u00e9nero.<\/li>\n<li>Diplomado en autopsia psicol\u00f3gica<\/li>\n<li>Diplomado en trastornos de la personalidad en la investigaci\u00f3n criminal.<\/li>\n<li>Diplomado en comunicaci\u00f3n no verbal y detecci\u00f3n del enga\u00f1o.<\/li>\n<\/ul>\t\t\t\t\t\t\t\t<\/div>\n\t\t\t\t<\/div>\n\t\t\t\t<div class=\"elementor-element elementor-element-babfa4f elementor-widget elementor-widget-heading\" data-id=\"babfa4f\" data-element_type=\"widget\" data-widget_type=\"heading.default\">\n\t\t\t\t<div class=\"elementor-widget-container\">\n\t\t\t\t\t<h5 class=\"elementor-heading-title elementor-size-default\">Languages:<\/h5>\t\t\t\t<\/div>\n\t\t\t\t<\/div>\n\t\t\t\t<div class=\"elementor-element elementor-element-d8071d6 elementor-widget elementor-widget-heading\" data-id=\"d8071d6\" data-element_type=\"widget\" data-widget_type=\"heading.default\">\n\t\t\t\t<div class=\"elementor-widget-container\">\n\t\t\t\t\t<p class=\"elementor-heading-title elementor-size-default\">Spanish.<\/p>\t\t\t\t<\/div>\n\t\t\t\t<\/div>\n\t\t\t\t<div class=\"elementor-element elementor-element-307418a animated-slow elementor-invisible elementor-widget elementor-widget-html\" data-id=\"307418a\" data-element_type=\"widget\" data-settings=\"{&quot;_animation&quot;:&quot;h-neuron-animation--slideFromRight&quot;,&quot;_animation_delay&quot;:2000}\" data-widget_type=\"html.default\">\n\t\t\t\t<div class=\"elementor-widget-container\">\n\t\t\t\t\t<a href=\"javascript:history.go(-1)\"><h6>\u2190 Back<\/h6><\/a>\t\t\t\t<\/div>\n\t\t\t\t<\/div>\n\t\t\t\t<\/div>\n\t\t<div class=\"elementor-element elementor-element-54311b7 e-con-full e-flex e-con e-child\" data-id=\"54311b7\" data-element_type=\"container\">\n\t\t\t\t<div class=\"elementor-element elementor-element-1df592f animated-slow elementor-invisible elementor-widget elementor-widget-image\" data-id=\"1df592f\" data-element_type=\"widget\" data-settings=\"{&quot;_animation&quot;:&quot;h-neuron-animation--fadeIn&quot;,&quot;_animation_delay&quot;:300}\" data-widget_type=\"image.default\">\n\t\t\t\t<div class=\"elementor-widget-container\">\n\t\t\t\t\t\t\t\t\t\t\t\t\t\t\t<img fetchpriority=\"high\" decoding=\"async\" width=\"800\" height=\"1180\" src=\"https:\/\/ablitco.com\/wp-content\/uploads\/2025\/04\/WhatsApp-Image-2025-04-05-at-10.19.17-AM-e1743951007942.jpeg\" class=\"attachment-full size-full wp-image-2695\" alt=\"\" \/>\t\t\t\t\t\t\t\t\t\t\t\t\t\t\t<\/div>\n\t\t\t\t<\/div>\n\t\t\t\t<\/div>\n\t\t\t\t<\/div>\n\t\t\t\t\t<\/div>\n\t\t\t\t<\/div>\n\t\t\t\t<\/div>","protected":false},"excerpt":{"rendered":"<p>Soph\u00eda Cueva Mej\u00eda Psic\u00f3loga Forense \u00c1reas de pr\u00e1ctica: Psicolog\u00eda cl\u00ednica y forense, perito especilizada en trabajo con grupos de atenci\u00f3n prioritaria. estudios realizados: 2015 &#8211; Psic\u00f3loga cl\u00ednica por la Universidad Nacional de Loja. 2017 &#8211; Especialista en psicolog\u00eda forense por la Universidad de Buenos Aires, Argentina. 2022 &#8211; Master en psicolog\u00eda de la salud por&#8230;<\/p>","protected":false},"author":1,"featured_media":0,"parent":47,"menu_order":19,"comment_status":"closed","ping_status":"closed","template":"elementor_header_footer","meta":{"inline_featured_image":false,"footnotes":""},"class_list":["post-2702","page","type-page","status-publish","hentry"],"aioseo_notices":[],"_links":{"self":[{"href":"https:\/\/ablitco.com\/en\/wp-json\/wp\/v2\/pages\/2702","targetHints":{"allow":["GET"]}}],"collection":[{"href":"https:\/\/ablitco.com\/en\/wp-json\/wp\/v2\/pages"}],"about":[{"href":"https:\/\/ablitco.com\/en\/wp-json\/wp\/v2\/types\/page"}],"author":[{"embeddable":true,"href":"https:\/\/ablitco.com\/en\/wp-json\/wp\/v2\/users\/1"}],"replies":[{"embeddable":true,"href":"https:\/\/ablitco.com\/en\/wp-json\/wp\/v2\/comments?post=2702"}],"version-history":[{"count":14,"href":"https:\/\/ablitco.com\/en\/wp-json\/wp\/v2\/pages\/2702\/revisions"}],"predecessor-version":[{"id":2725,"href":"https:\/\/ablitco.com\/en\/wp-json\/wp\/v2\/pages\/2702\/revisions\/2725"}],"up":[{"embeddable":true,"href":"https:\/\/ablitco.com\/en\/wp-json\/wp\/v2\/pages\/47"}],"wp:attachment":[{"href":"https:\/\/ablitco.com\/en\/wp-json\/wp\/v2\/media?parent=2702"}],"curies":[{"name":"wp","href":"https:\/\/api.w.org\/{rel}","templated":true}]}}