{"id":2330,"date":"2024-10-31T16:02:59","date_gmt":"2024-10-31T21:02:59","guid":{"rendered":"https:\/\/ablitco.com\/es\/?page_id=2330"},"modified":"2024-10-31T19:32:54","modified_gmt":"2024-11-01T00:32:54","slug":"javier-vire","status":"publish","type":"page","link":"https:\/\/ablitco.com\/en\/equipo\/javier-vire\/","title":{"rendered":"Javier Vire"},"content":{"rendered":"<div data-elementor-type=\"wp-page\" data-elementor-id=\"2330\" class=\"elementor elementor-2330\" data-elementor-post-type=\"page\">\n\t\t\t\t<div class=\"elementor-element elementor-element-d2d8728 e-flex e-con-boxed e-con e-parent\" data-id=\"d2d8728\" data-element_type=\"container\" data-settings=\"{&quot;background_background&quot;:&quot;classic&quot;}\">\n\t\t\t\t\t<div class=\"e-con-inner\">\n\t\t<div class=\"elementor-element elementor-element-89c2945 e-con-full animated-slow e-flex elementor-invisible e-con e-child\" data-id=\"89c2945\" data-element_type=\"container\" data-settings=\"{&quot;animation&quot;:&quot;h-neuron-animation--slideFromLeft&quot;}\">\n\t\t\t\t<div class=\"elementor-element elementor-element-1cdfb08 elementor-widget elementor-widget-heading\" data-id=\"1cdfb08\" data-element_type=\"widget\" data-widget_type=\"heading.default\">\n\t\t\t\t<div class=\"elementor-widget-container\">\n\t\t\t\t\t<h1 class=\"elementor-heading-title elementor-size-default\">Javier Sebasti\u00e1n Vire Enr\u00edquez<\/h1>\t\t\t\t<\/div>\n\t\t\t\t<\/div>\n\t\t\t\t<div class=\"elementor-element elementor-element-9f0fcc1 elementor-widget elementor-widget-heading\" data-id=\"9f0fcc1\" data-element_type=\"widget\" data-widget_type=\"heading.default\">\n\t\t\t\t<div class=\"elementor-widget-container\">\n\t\t\t\t\t<h5 class=\"elementor-heading-title elementor-size-default\">Lawyer<\/h5>\t\t\t\t<\/div>\n\t\t\t\t<\/div>\n\t\t\t\t<div class=\"elementor-element elementor-element-bad7487 elementor-widget elementor-widget-spacer\" data-id=\"bad7487\" data-element_type=\"widget\" data-widget_type=\"spacer.default\">\n\t\t\t\t<div class=\"elementor-widget-container\">\n\t\t\t\t\t\t\t<div class=\"elementor-spacer\">\n\t\t\t<div class=\"elementor-spacer-inner\"><\/div>\n\t\t<\/div>\n\t\t\t\t\t\t<\/div>\n\t\t\t\t<\/div>\n\t\t\t\t<div class=\"elementor-element elementor-element-ddc781f elementor-widget elementor-widget-heading\" data-id=\"ddc781f\" data-element_type=\"widget\" data-widget_type=\"heading.default\">\n\t\t\t\t<div class=\"elementor-widget-container\">\n\t\t\t\t\t<h5 class=\"elementor-heading-title elementor-size-default\">Practice Areas:<\/h5>\t\t\t\t<\/div>\n\t\t\t\t<\/div>\n\t\t\t\t<div class=\"elementor-element elementor-element-f841e73 elementor-widget elementor-widget-heading\" data-id=\"f841e73\" data-element_type=\"widget\" data-widget_type=\"heading.default\">\n\t\t\t\t<div class=\"elementor-widget-container\">\n\t\t\t\t\t<p class=\"elementor-heading-title elementor-size-default\">Civil Law, Customs Law, Import and Export Management, Organizational and Business Internationalization.<\/p>\t\t\t\t<\/div>\n\t\t\t\t<\/div>\n\t\t\t\t<div class=\"elementor-element elementor-element-12c34e6 elementor-widget elementor-widget-heading\" data-id=\"12c34e6\" data-element_type=\"widget\" data-widget_type=\"heading.default\">\n\t\t\t\t<div class=\"elementor-widget-container\">\n\t\t\t\t\t<h5 class=\"elementor-heading-title elementor-size-default\">Education:<\/h5>\t\t\t\t<\/div>\n\t\t\t\t<\/div>\n\t\t\t\t<div class=\"elementor-element elementor-element-1712d7f elementor-widget elementor-widget-text-editor\" data-id=\"1712d7f\" data-element_type=\"widget\" data-widget_type=\"text-editor.default\">\n\t\t\t\t<div class=\"elementor-widget-container\">\n\t\t\t\t\t\t\t\t\t<ul><li>2024 \u2013 Lawyer, Universidad T\u00e9cnica Particular de Loja, Ecuador.<\/li><li>2024 \u2013 Bachelor's Degree in International Studies, Universidad del Azuay, Ecuador.<\/li><\/ul>\t\t\t\t\t\t\t\t<\/div>\n\t\t\t\t<\/div>\n\t\t\t\t<div class=\"elementor-element elementor-element-0baa2e1 elementor-widget elementor-widget-heading\" data-id=\"0baa2e1\" data-element_type=\"widget\" data-widget_type=\"heading.default\">\n\t\t\t\t<div class=\"elementor-widget-container\">\n\t\t\t\t\t<h5 class=\"elementor-heading-title elementor-size-default\">Languages:<\/h5>\t\t\t\t<\/div>\n\t\t\t\t<\/div>\n\t\t\t\t<div class=\"elementor-element elementor-element-4c50a2a elementor-widget elementor-widget-heading\" data-id=\"4c50a2a\" data-element_type=\"widget\" data-widget_type=\"heading.default\">\n\t\t\t\t<div class=\"elementor-widget-container\">\n\t\t\t\t\t<p class=\"elementor-heading-title elementor-size-default\">Spanish (native), English (high).<\/p>\t\t\t\t<\/div>\n\t\t\t\t<\/div>\n\t\t\t\t<div class=\"elementor-element elementor-element-96bccfa animated-slow elementor-invisible elementor-widget elementor-widget-html\" data-id=\"96bccfa\" data-element_type=\"widget\" data-settings=\"{&quot;_animation&quot;:&quot;h-neuron-animation--slideFromRight&quot;,&quot;_animation_delay&quot;:2000}\" data-widget_type=\"html.default\">\n\t\t\t\t<div class=\"elementor-widget-container\">\n\t\t\t\t\t<a href=\"javascript:history.go(-1)\"><h6>\u2190 Back<\/h6><\/a>\t\t\t\t<\/div>\n\t\t\t\t<\/div>\n\t\t\t\t<\/div>\n\t\t<div class=\"elementor-element elementor-element-e26c787 e-con-full e-flex e-con e-child\" data-id=\"e26c787\" data-element_type=\"container\">\n\t\t\t\t<div class=\"elementor-element elementor-element-30583a8 animated-slow elementor-invisible elementor-widget elementor-widget-image\" data-id=\"30583a8\" data-element_type=\"widget\" data-settings=\"{&quot;_animation&quot;:&quot;h-neuron-animation--fadeIn&quot;,&quot;_animation_delay&quot;:300}\" data-widget_type=\"image.default\">\n\t\t\t\t<div class=\"elementor-widget-container\">\n\t\t\t\t\t\t\t\t\t\t\t\t\t\t\t<img fetchpriority=\"high\" decoding=\"async\" width=\"800\" height=\"1200\" src=\"https:\/\/ablitco.com\/wp-content\/uploads\/2024\/10\/ablitco-javier-vire.jpg\" class=\"attachment-full size-full wp-image-2346\" alt=\"Ablitco Servicios Jur\u00eddicos Ecuador\" srcset=\"https:\/\/ablitco.com\/wp-content\/uploads\/2024\/10\/ablitco-javier-vire.jpg 800w, https:\/\/ablitco.com\/wp-content\/uploads\/2024\/10\/ablitco-javier-vire-200x300.jpg 200w, https:\/\/ablitco.com\/wp-content\/uploads\/2024\/10\/ablitco-javier-vire-683x1024.jpg 683w, https:\/\/ablitco.com\/wp-content\/uploads\/2024\/10\/ablitco-javier-vire-768x1152.jpg 768w, https:\/\/ablitco.com\/wp-content\/uploads\/2024\/10\/ablitco-javier-vire-8x12.jpg 8w\" sizes=\"(max-width: 800px) 100vw, 800px\" \/>\t\t\t\t\t\t\t\t\t\t\t\t\t\t\t<\/div>\n\t\t\t\t<\/div>\n\t\t\t\t<\/div>\n\t\t\t\t\t<\/div>\n\t\t\t\t<\/div>\n\t\t\t\t<\/div>","protected":false},"excerpt":{"rendered":"<p>Javier Sebasti\u00e1n Vire Enr\u00edquez Abogado \u00c1reas de pr\u00e1ctica: Derecho Civil, Derecho Aduanero, Gesti\u00f3n de Importaciones y Exportaciones, Internacionalizaci\u00f3n organizacional y empresarial. estudios realizados: 2024 \u2013 Abogado por la Universidad T\u00e9cnica Particular de Loja \u2013 Ecuador. 2024 \u2013 Licenciado en Estudios Internacionales por la Universidad del Azuay &#8211; Ecuador. Idiomas en los que podemos ofrecer el&#8230;<\/p>","protected":false},"author":1,"featured_media":0,"parent":47,"menu_order":16,"comment_status":"closed","ping_status":"closed","template":"elementor_header_footer","meta":{"inline_featured_image":false,"footnotes":""},"class_list":["post-2330","page","type-page","status-publish","hentry"],"aioseo_notices":[],"_links":{"self":[{"href":"https:\/\/ablitco.com\/en\/wp-json\/wp\/v2\/pages\/2330","targetHints":{"allow":["GET"]}}],"collection":[{"href":"https:\/\/ablitco.com\/en\/wp-json\/wp\/v2\/pages"}],"about":[{"href":"https:\/\/ablitco.com\/en\/wp-json\/wp\/v2\/types\/page"}],"author":[{"embeddable":true,"href":"https:\/\/ablitco.com\/en\/wp-json\/wp\/v2\/users\/1"}],"replies":[{"embeddable":true,"href":"https:\/\/ablitco.com\/en\/wp-json\/wp\/v2\/comments?post=2330"}],"version-history":[{"count":0,"href":"https:\/\/ablitco.com\/en\/wp-json\/wp\/v2\/pages\/2330\/revisions"}],"up":[{"embeddable":true,"href":"https:\/\/ablitco.com\/en\/wp-json\/wp\/v2\/pages\/47"}],"wp:attachment":[{"href":"https:\/\/ablitco.com\/en\/wp-json\/wp\/v2\/media?parent=2330"}],"curies":[{"name":"wp","href":"https:\/\/api.w.org\/{rel}","templated":true}]}}