{"id":1886,"date":"2024-09-11T17:53:50","date_gmt":"2024-09-11T22:53:50","guid":{"rendered":"https:\/\/ablitco.com\/es\/?page_id=1886"},"modified":"2024-10-31T19:33:43","modified_gmt":"2024-11-01T00:33:43","slug":"alberto-sanchez","status":"publish","type":"page","link":"https:\/\/ablitco.com\/en\/equipo\/alberto-sanchez\/","title":{"rendered":"Alberto S\u00e1nchez"},"content":{"rendered":"<div data-elementor-type=\"wp-page\" data-elementor-id=\"1886\" class=\"elementor elementor-1886\" data-elementor-post-type=\"page\">\n\t\t\t\t<div class=\"elementor-element elementor-element-3b15be3 e-flex e-con-boxed e-con e-parent\" data-id=\"3b15be3\" data-element_type=\"container\" data-settings=\"{&quot;background_background&quot;:&quot;classic&quot;}\">\n\t\t\t\t\t<div class=\"e-con-inner\">\n\t\t<div class=\"elementor-element elementor-element-4b131da e-con-full animated-slow e-flex elementor-invisible e-con e-child\" data-id=\"4b131da\" data-element_type=\"container\" data-settings=\"{&quot;animation&quot;:&quot;h-neuron-animation--slideFromLeft&quot;}\">\n\t\t\t\t<div class=\"elementor-element elementor-element-856877e elementor-widget elementor-widget-heading\" data-id=\"856877e\" data-element_type=\"widget\" data-widget_type=\"heading.default\">\n\t\t\t\t<div class=\"elementor-widget-container\">\n\t\t\t\t\t<h1 class=\"elementor-heading-title elementor-size-default\">Alberto S\u00e1nchez Estrada<\/h1>\t\t\t\t<\/div>\n\t\t\t\t<\/div>\n\t\t\t\t<div class=\"elementor-element elementor-element-e143ba5 elementor-widget elementor-widget-heading\" data-id=\"e143ba5\" data-element_type=\"widget\" data-widget_type=\"heading.default\">\n\t\t\t\t<div class=\"elementor-widget-container\">\n\t\t\t\t\t<h5 class=\"elementor-heading-title elementor-size-default\">Lawyer<\/h5>\t\t\t\t<\/div>\n\t\t\t\t<\/div>\n\t\t\t\t<div class=\"elementor-element elementor-element-9fcf35f elementor-widget elementor-widget-spacer\" data-id=\"9fcf35f\" data-element_type=\"widget\" data-widget_type=\"spacer.default\">\n\t\t\t\t<div class=\"elementor-widget-container\">\n\t\t\t\t\t\t\t<div class=\"elementor-spacer\">\n\t\t\t<div class=\"elementor-spacer-inner\"><\/div>\n\t\t<\/div>\n\t\t\t\t\t\t<\/div>\n\t\t\t\t<\/div>\n\t\t\t\t<div class=\"elementor-element elementor-element-f7b2d91 elementor-widget elementor-widget-heading\" data-id=\"f7b2d91\" data-element_type=\"widget\" data-widget_type=\"heading.default\">\n\t\t\t\t<div class=\"elementor-widget-container\">\n\t\t\t\t\t<h5 class=\"elementor-heading-title elementor-size-default\">Practice Areas:<\/h5>\t\t\t\t<\/div>\n\t\t\t\t<\/div>\n\t\t\t\t<div class=\"elementor-element elementor-element-86e259d elementor-widget elementor-widget-heading\" data-id=\"86e259d\" data-element_type=\"widget\" data-widget_type=\"heading.default\">\n\t\t\t\t<div class=\"elementor-widget-container\">\n\t\t\t\t\t<p class=\"elementor-heading-title elementor-size-default\">Labor Law and Worker Protection, Administrative Law, Constitutional Law.<\/p>\t\t\t\t<\/div>\n\t\t\t\t<\/div>\n\t\t\t\t<div class=\"elementor-element elementor-element-6bceca3 elementor-widget elementor-widget-heading\" data-id=\"6bceca3\" data-element_type=\"widget\" data-widget_type=\"heading.default\">\n\t\t\t\t<div class=\"elementor-widget-container\">\n\t\t\t\t\t<h5 class=\"elementor-heading-title elementor-size-default\">Education:<\/h5>\t\t\t\t<\/div>\n\t\t\t\t<\/div>\n\t\t\t\t<div class=\"elementor-element elementor-element-c86a164 elementor-widget elementor-widget-text-editor\" data-id=\"c86a164\" data-element_type=\"widget\" data-widget_type=\"text-editor.default\">\n\t\t\t\t<div class=\"elementor-widget-container\">\n\t\t\t\t\t\t\t\t\t<ul><li>2013 \u2013 Lawyer, Universidad Nacional de Loja.<\/li><li>2023 \u2013 Official Master\u2019s Degree in Constitutional Law and Human Rights, Universidad Nacional de Loja. <\/li><li>Certified Public Contract Law Operator.<\/li><\/ul>\t\t\t\t\t\t\t\t<\/div>\n\t\t\t\t<\/div>\n\t\t\t\t<div class=\"elementor-element elementor-element-5b99a9f elementor-widget elementor-widget-heading\" data-id=\"5b99a9f\" data-element_type=\"widget\" data-widget_type=\"heading.default\">\n\t\t\t\t<div class=\"elementor-widget-container\">\n\t\t\t\t\t<h5 class=\"elementor-heading-title elementor-size-default\">Languages:<\/h5>\t\t\t\t<\/div>\n\t\t\t\t<\/div>\n\t\t\t\t<div class=\"elementor-element elementor-element-3b90c15 elementor-widget elementor-widget-heading\" data-id=\"3b90c15\" data-element_type=\"widget\" data-widget_type=\"heading.default\">\n\t\t\t\t<div class=\"elementor-widget-container\">\n\t\t\t\t\t<p class=\"elementor-heading-title elementor-size-default\">Spanish (native), English (intermediate).<\/p>\t\t\t\t<\/div>\n\t\t\t\t<\/div>\n\t\t\t\t<div class=\"elementor-element elementor-element-cbaab95 animated-slow elementor-invisible elementor-widget elementor-widget-html\" data-id=\"cbaab95\" data-element_type=\"widget\" data-settings=\"{&quot;_animation&quot;:&quot;h-neuron-animation--slideFromRight&quot;,&quot;_animation_delay&quot;:2000}\" data-widget_type=\"html.default\">\n\t\t\t\t<div class=\"elementor-widget-container\">\n\t\t\t\t\t<a href=\"javascript:history.go(-1)\"><h6>\u2190 Back<\/h6><\/a>\t\t\t\t<\/div>\n\t\t\t\t<\/div>\n\t\t\t\t<\/div>\n\t\t<div class=\"elementor-element elementor-element-00568be e-con-full e-flex e-con e-child\" data-id=\"00568be\" data-element_type=\"container\">\n\t\t\t\t<div class=\"elementor-element elementor-element-ffbb3e6 animated-slow elementor-invisible elementor-widget elementor-widget-image\" data-id=\"ffbb3e6\" data-element_type=\"widget\" data-settings=\"{&quot;_animation&quot;:&quot;h-neuron-animation--fadeIn&quot;,&quot;_animation_delay&quot;:300}\" data-widget_type=\"image.default\">\n\t\t\t\t<div class=\"elementor-widget-container\">\n\t\t\t\t\t\t\t\t\t\t\t\t\t\t\t<img fetchpriority=\"high\" decoding=\"async\" width=\"800\" height=\"1200\" src=\"https:\/\/ablitco.com\/wp-content\/uploads\/2024\/08\/Ablitco-Alberto-Sanchez.jpg\" class=\"attachment-full size-full wp-image-1803\" alt=\"Ablitco Servicios Jur\u00eddicos Ecuador\" srcset=\"https:\/\/ablitco.com\/wp-content\/uploads\/2024\/08\/Ablitco-Alberto-Sanchez.jpg 800w, https:\/\/ablitco.com\/wp-content\/uploads\/2024\/08\/Ablitco-Alberto-Sanchez-200x300.jpg 200w, https:\/\/ablitco.com\/wp-content\/uploads\/2024\/08\/Ablitco-Alberto-Sanchez-683x1024.jpg 683w, https:\/\/ablitco.com\/wp-content\/uploads\/2024\/08\/Ablitco-Alberto-Sanchez-768x1152.jpg 768w, https:\/\/ablitco.com\/wp-content\/uploads\/2024\/08\/Ablitco-Alberto-Sanchez-8x12.jpg 8w\" sizes=\"(max-width: 800px) 100vw, 800px\" \/>\t\t\t\t\t\t\t\t\t\t\t\t\t\t\t<\/div>\n\t\t\t\t<\/div>\n\t\t\t\t<\/div>\n\t\t\t\t\t<\/div>\n\t\t\t\t<\/div>\n\t\t\t\t<\/div>","protected":false},"excerpt":{"rendered":"<p>Alberto S\u00e1nchez Estrada Abogado \u00c1reas de pr\u00e1ctica: Derecho Laboral, Derecho administrativo, Derecho constitucional. estudios realizados: 2013 &#8211; Abogado por la Universidad Nacional de Loja. 2023 \u2013 Magister en Derecho Constitucional con Menci\u00f3n en Derechos Humanos por la Universidad Nacional de Loja. Operador del Sistema Nacional de Contrataci\u00f3n P\u00fablica. Idiomas en los que podemos ofrecer el&#8230;<\/p>","protected":false},"author":1,"featured_media":0,"parent":47,"menu_order":14,"comment_status":"closed","ping_status":"closed","template":"elementor_header_footer","meta":{"inline_featured_image":false,"footnotes":""},"class_list":["post-1886","page","type-page","status-publish","hentry"],"aioseo_notices":[],"_links":{"self":[{"href":"https:\/\/ablitco.com\/en\/wp-json\/wp\/v2\/pages\/1886","targetHints":{"allow":["GET"]}}],"collection":[{"href":"https:\/\/ablitco.com\/en\/wp-json\/wp\/v2\/pages"}],"about":[{"href":"https:\/\/ablitco.com\/en\/wp-json\/wp\/v2\/types\/page"}],"author":[{"embeddable":true,"href":"https:\/\/ablitco.com\/en\/wp-json\/wp\/v2\/users\/1"}],"replies":[{"embeddable":true,"href":"https:\/\/ablitco.com\/en\/wp-json\/wp\/v2\/comments?post=1886"}],"version-history":[{"count":0,"href":"https:\/\/ablitco.com\/en\/wp-json\/wp\/v2\/pages\/1886\/revisions"}],"up":[{"embeddable":true,"href":"https:\/\/ablitco.com\/en\/wp-json\/wp\/v2\/pages\/47"}],"wp:attachment":[{"href":"https:\/\/ablitco.com\/en\/wp-json\/wp\/v2\/media?parent=1886"}],"curies":[{"name":"wp","href":"https:\/\/api.w.org\/{rel}","templated":true}]}}